{"id":10,"date":"2023-09-03T21:51:27","date_gmt":"2023-09-03T21:51:27","guid":{"rendered":"http:\/\/aisurvey.argeva.com.tr\/?page_id=10"},"modified":"2023-09-06T22:07:51","modified_gmt":"2023-09-06T22:07:51","slug":"hakkimizda","status":"publish","type":"page","link":"https:\/\/aisurvey.com.tr\/index.php\/hakkimizda\/","title":{"rendered":"Hakk\u0131m\u0131zda"},"content":{"rendered":"<div id=\"pl-gb10-69da36f744afa\"  class=\"panel-layout\" ><div id=\"pg-gb10-69da36f744afa-0\"  class=\"panel-grid panel-no-style\"  data-style=\"{&quot;background_image_attachment&quot;:false,&quot;background_display&quot;:&quot;tile&quot;,&quot;background_image_size&quot;:&quot;full&quot;,&quot;border_thickness&quot;:&quot;1px&quot;,&quot;full_height&quot;:&quot;&quot;,&quot;cell_alignment&quot;:&quot;flex-start&quot;}\"  data-ratio=\"1\"  data-ratio-direction=\"right\" ><div id=\"pgc-gb10-69da36f744afa-0-0\"  class=\"panel-grid-cell\"  data-weight=\"1\" ><div id=\"panel-gb10-69da36f744afa-0-0-0\" class=\"so-panel widget widget_sow-editor panel-first-child panel-last-child\" data-index=\"0\" data-style=\"{&quot;padding&quot;:&quot;15px 15px 15px 15px&quot;,&quot;background_image_attachment&quot;:false,&quot;background_display&quot;:&quot;tile&quot;,&quot;background_image_size&quot;:&quot;full&quot;,&quot;border_thickness&quot;:&quot;1px&quot;,&quot;box_shadow&quot;:true,&quot;box_shadow_color&quot;:&quot;rgba(0,0,0,0.15)&quot;,&quot;box_shadow_inset&quot;:&quot;&quot;,&quot;box_shadow_offset_vertical&quot;:&quot;5px&quot;,&quot;box_shadow_blur&quot;:&quot;15px&quot;,&quot;box_shadow_hover&quot;:true,&quot;box_shadow_hover_color&quot;:&quot;rgba(0,0,0,0.3)&quot;,&quot;box_shadow_hover_inset&quot;:&quot;&quot;,&quot;box_shadow_hover_offset_vertical&quot;:&quot;5px&quot;,&quot;box_shadow_hover_blur&quot;:&quot;15px&quot;}\" ><div class=\"panel-widget-style panel-widget-style-for-gb10-69da36f744afa-0-0-0\" ><div\n\t\t\t\n\t\t\tclass=\"so-widget-sow-editor so-widget-sow-editor-base\"\n\t\t\t\n\t\t>\n<div class=\"siteorigin-widget-tinymce textwidget\">\n\t<p>ArgeBirlik \u00fclkemizin geli\u015fmi\u015f \u00fclkeler ile aras\u0131ndaki teknolojik a\u00e7\u0131\u011f\u0131 kapatmaya y\u00f6nelik \u00fcr\u00fcnler geli\u015ftirmeye adayan bir ARGE toplulu\u011fudur. \u00dclke insan\u0131m\u0131z\u0131n, sanayi ve ticaret ya\u015fam\u0131n\u0131n ihtiya\u00e7 duydu\u011fu \u00e7\u00f6z\u00fcmler, y\u00fcksek teknoloji kullan\u0131larak toplum hizmetine sunulur. Grubumuz Gaziantep Teknopark ile \u0130zmir Teknoloji Geli\u015ftirme B\u00f6lgesi\u2019nde kurulu, projeler geli\u015ftiren Ar-Ge \u015firketlerinin \u00e7al\u0131\u015fmalar\u0131 ile kurulmu\u015f olup k\u0131sa s\u00fcrede \u00e7al\u0131\u015fmalar\u0131n\u0131 ilerletmi\u015ftir. Yeni \u00fcr\u00fcn geli\u015ftirme ve tasar\u0131m yetene\u011fi konusunda \u00fcniversitelerden kurulu bir dan\u0131\u015fman ve ortak firma grubu ile birlikte \u00e7al\u0131\u015fan toplulu\u011fumuz uzun s\u00fcredir ara\u015ft\u0131rma ve geli\u015ftirme faaliyetlerini ba\u015far\u0131l\u0131 bir \u015fekilde y\u00fcr\u00fctmektedir.<\/p>\n<p>Grubumuz, her \u00f6l\u00e7ekteki projelerin i\u015f s\u00fcre\u00e7lerinin planlanmas\u0131, uygulanmas\u0131 ve kontrol\u00fcnde \u00f6zel metodolojiler ve organizasyon yap\u0131lar\u0131n\u0131 geli\u015ftirir ve uygular. Uzun y\u0131llara dayanan proje y\u00f6netimi deneyimi ile \u00f6zellikle g\u00fcn\u00fcm\u00fcz\u00fcn, kaynaklar\u0131n daha etkin kullan\u0131lmas\u0131, projelerin daha kapsaml\u0131 yap\u0131lar\u0131, artan rekabet ortam\u0131 ve m\u00fc\u015fteri beklentilerine cevap verebilmektedir.<\/p>\n<p>ArgeBirlik merkezde bir &#8220;Proje Ofisi&#8221; taraf\u0131ndan y\u00f6netilmekte ve koordine edilmektedir. Proje y\u00f6netimi, multidisipliner bilgi ve insan kaynaklar\u0131n\u0131n ara\u015ft\u0131r\u0131lmas\u0131 ve yeni teknolojilerin ara\u015ft\u0131r\u0131lmas\u0131 gibi koordinasyon g\u00f6revini \u00fcstlenen proje ofisimiz, proje baz\u0131nda \u00e7e\u015fitli \u00fcniversitelerin \u00f6\u011fretim \u00fcyeleri ile \u00e7al\u0131\u015fmaktad\u0131r. T\u00fcm bunlar\u0131n d\u0131\u015f\u0131nda \u00f6zel sekt\u00f6r\u00fcn konular\u0131nda duayen kabul edilen uzmanlar\u0131 da ArgeBirlik\u00a0 multidisipliner Da\u011f\u0131t\u0131k Ar-Ge yap\u0131lanmas\u0131n\u0131n asli \u00f6\u011feleri durumundad\u0131rlar.<\/p>\n<p>M\u00fchendislerimizden kurulu Proje Ofisi, dan\u0131\u015fmanlardan elde etti\u011fi bilgileri derlemekte, de\u011ferlendirmekte ve sistem analiz grubuna aktarmaktad\u0131r. Sistem analistleri bu bilgiyi \u00e7\u00f6z\u00fcmleyerek, grubumuzdaki bilgi teknolojilerine ve yaz\u0131l\u0131m tekniklerine uyarlamakta, onlardan gelen bilgiler do\u011frultusunda ise, programc\u0131 kadrolar\u0131m\u0131z gerekli kodlamalar\u0131 yaparak yaz\u0131l\u0131m paketini geli\u015ftirmektedirler. Yaz\u0131l\u0131m grubumuzun bitirdi\u011fi her mod\u00fcl, \u00f6nce sistem analistleri, sonra da konunun uzman\u0131 olan dan\u0131\u015fmanlar taraf\u0131ndan de\u011ferlendirilmekte ve onaylanmaktad\u0131r.<\/p>\n<p>G\u00fcn\u00fcm\u00fcz\u00fcn projelerinin karakteristik yap\u0131s\u0131, \u00e7ok say\u0131da farkl\u0131 birimin, disiplinlerin ve teknolojinin bir araya getirilerek entegre \u00e7\u00f6z\u00fcm \u00fcretilmesini gerektirmektedir. Firmalar\u0131m\u0131zda bu d\u00fczende \u00e7al\u0131\u015fmalarda bulunmaktad\u0131r.<\/p>\n<p>ARGE grubumuz; Ege Sistem Ltd. \u015eti.\u00a0 Argeva Ltd. \u015eti. Prof. Dr. Mustafa PAKSOY Prof. Dr. \u00d6mer Faruk REN\u00c7BER \u00a0olu\u015fturulmu\u015ftur. Proje konular\u0131 dahilinde\u00a0 grubumuza kal\u0131c\u0131 olarak ba\u015fka\u00a0 disiplinlerdeki\u00a0 firmalar yada ki\u015filerin kat\u0131l\u0131mlar\u0131\u00a0 olabilecektir.<\/p>\n<\/div>\n<\/div><\/div><\/div><\/div><\/div><\/div>","protected":false},"excerpt":{"rendered":"<p>ArgeBirlik \u00fclkemizin geli\u015fmi\u015f \u00fclkeler ile aras\u0131ndaki teknolojik a\u00e7\u0131\u011f\u0131 kapatmaya y\u00f6nelik \u00fcr\u00fcnler geli\u015ftirmeye adayan bir ARGE toplulu\u011fudur. \u00dclke insan\u0131m\u0131z\u0131n, sanayi ve ticaret ya\u015fam\u0131n\u0131n ihtiya\u00e7 duydu\u011fu \u00e7\u00f6z\u00fcmler, y\u00fcksek teknoloji kullan\u0131larak toplum hizmetine sunulur. Grubumuz Gaziantep Teknopark ile \u0130zmir Teknoloji Geli\u015ftirme B\u00f6lgesi\u2019nde kurulu, projeler geli\u015ftiren Ar-Ge \u015firketlerinin \u00e7al\u0131\u015fmalar\u0131 ile kurulmu\u015f olup k\u0131sa s\u00fcrede \u00e7al\u0131\u015fmalar\u0131n\u0131 ilerletmi\u015ftir. Yeni \u00fcr\u00fcn geli\u015ftirme &hellip; <\/p>\n<p class=\"link-more\"><a href=\"https:\/\/aisurvey.com.tr\/index.php\/hakkimizda\/\" class=\"more-link\">Okumaya devam et<span class=\"screen-reader-text\"> &#8220;Hakk\u0131m\u0131zda&#8221;<\/span><\/a><\/p>\n","protected":false},"author":1,"featured_media":37,"parent":0,"menu_order":0,"comment_status":"closed","ping_status":"closed","template":"","meta":{"footnotes":""},"class_list":["post-10","page","type-page","status-publish","has-post-thumbnail","hentry"],"_links":{"self":[{"href":"https:\/\/aisurvey.com.tr\/index.php\/wp-json\/wp\/v2\/pages\/10","targetHints":{"allow":["GET"]}}],"collection":[{"href":"https:\/\/aisurvey.com.tr\/index.php\/wp-json\/wp\/v2\/pages"}],"about":[{"href":"https:\/\/aisurvey.com.tr\/index.php\/wp-json\/wp\/v2\/types\/page"}],"author":[{"embeddable":true,"href":"https:\/\/aisurvey.com.tr\/index.php\/wp-json\/wp\/v2\/users\/1"}],"replies":[{"embeddable":true,"href":"https:\/\/aisurvey.com.tr\/index.php\/wp-json\/wp\/v2\/comments?post=10"}],"version-history":[{"count":5,"href":"https:\/\/aisurvey.com.tr\/index.php\/wp-json\/wp\/v2\/pages\/10\/revisions"}],"predecessor-version":[{"id":351,"href":"https:\/\/aisurvey.com.tr\/index.php\/wp-json\/wp\/v2\/pages\/10\/revisions\/351"}],"wp:featuredmedia":[{"embeddable":true,"href":"https:\/\/aisurvey.com.tr\/index.php\/wp-json\/wp\/v2\/media\/37"}],"wp:attachment":[{"href":"https:\/\/aisurvey.com.tr\/index.php\/wp-json\/wp\/v2\/media?parent=10"}],"curies":[{"name":"wp","href":"https:\/\/api.w.org\/{rel}","templated":true}]}}